{"id":15652,"date":"2019-05-23T14:50:59","date_gmt":"2019-05-23T14:50:59","guid":{"rendered":"https:\/\/olasolar.com\/blog\/?page_id=15652"},"modified":"2019-06-07T16:17:07","modified_gmt":"2019-06-07T16:17:07","slug":"industrial","status":"publish","type":"page","link":"https:\/\/olasolar.com\/blog\/industrial\/","title":{"rendered":"Empresas"},"content":{"rendered":"<p>[vc_row css_animation=\u00bbelement_from_fade\u00bb row_type=\u00bbrow\u00bb use_row_as_full_screen_section=\u00bbno\u00bb type=\u00bbfull_width\u00bb angled_section=\u00bbno\u00bb text_align=\u00bbleft\u00bb background_image_as_pattern=\u00bbwithout_pattern\u00bb z_index=\u00bb\u00bb css=\u00bb.vc_custom_1559751691005{padding-top: 150px !important;padding-bottom: 150px !important;background-image: url(https:\/\/olasolar.com\/blog\/wp-content\/uploads\/2019\/06\/seccion-industrial.jpg?id=16335) !important;}\u00bb][vc_column][vc_column_text]<\/p>\n<h1 style=\"text-align: center;\">Autoconsumo industrial<\/h1>\n<p>[\/vc_column_text][\/vc_column][\/vc_row][vc_row css_animation=\u00bbelement_from_fade\u00bb row_type=\u00bbrow\u00bb use_row_as_full_screen_section=\u00bbno\u00bb type=\u00bbgrid\u00bb angled_section=\u00bbno\u00bb text_align=\u00bbleft\u00bb background_image_as_pattern=\u00bbwithout_pattern\u00bb z_index=\u00bb\u00bb][vc_column][vc_column_text css=\u00bb.vc_custom_1559654847122{margin-top: 80px !important;}\u00bb]Los mayores ahorros con energ\u00eda solar fotovoltaica se dan sin duda en el autoconsumo en empresas y naves industriales, sobre todo cuanto m\u00e1s elevado es el consumo, independientemente del d\u00eda de la semana.[\/vc_column_text][\/vc_column][\/vc_row][vc_row css_animation=\u00bbelement_from_fade\u00bb row_type=\u00bbrow\u00bb use_row_as_full_screen_section=\u00bbno\u00bb type=\u00bbgrid\u00bb angled_section=\u00bbno\u00bb text_align=\u00bbleft\u00bb background_image_as_pattern=\u00bbwithout_pattern\u00bb z_index=\u00bb\u00bb css=\u00bb.vc_custom_1559923656019{padding-top: 50px !important;}\u00bb][vc_column][vc_column_text]<\/p>\n<h3 class=\"title-heading-center\" style=\"text-align: center;\" data-fontsize=\"32\" data-lineheight=\"40\"><strong>\u00bfQU\u00c9 TIPO DE EMPRESAS SE BENEFICIAN M\u00c1S?<\/strong><\/h3>\n<p>El sol sale los 365 d\u00edas del a\u00f1o, as\u00ed pues, si tenemos un consumo similar los 365 d\u00edas, la rentabilidad de la instalaci\u00f3n ser\u00e1 m\u00e1xima.<\/p>\n<p>Ejemplos de esto son:<\/p>\n<ul>\n<li>Empresas con c\u00e1maras frigor\u00edficas (c\u00e1rnicas o de alimentaci\u00f3n), donde adem\u00e1s se da el caso de que en verano se consume m\u00e1s energ\u00eda por tener que trabajar m\u00e1s horas las c\u00e1maras, al mismo tiempo que tambi\u00e9n hay m\u00e1s producci\u00f3n solar.<\/li>\n<li>Empresas de producci\u00f3n a turnos todos los d\u00edas incluso festivos.<\/li>\n<li>Inyecci\u00f3n de pl\u00e1sticos, metal\u00fargicas, talleres, etc&#8230;<\/li>\n<\/ul>\n<p><strong>\u00bfY si hay d\u00edas que no se trabaja? \u00bfqu\u00e9 ocurre con la energ\u00eda que no se consume?<\/strong><\/p>\n<p>Cuando sobra energ\u00eda solar y no se puede consumir, podemos plantear al cliente varias soluciones a fin de amortizar la inversi\u00f3n en la instalaci\u00f3n solar lo m\u00e1s r\u00e1pidamente posible:<\/p>\n<ul>\n<li>Nos encargamos de tramitar el alta de la instalaci\u00f3n solar en los organismos encargados, y de inscribirla en la modalidad de autoconsumo con excedentes, bien compensados de manera simplificada, o bien con venta a precio de mercado (pool). En cualquier caso, el cliente se tiene que despreocupar de cualquier tr\u00e1mite y dejarlo en nuestras manos.<\/li>\n<li>Planteamos una reestructuraci\u00f3n de los consumos de la empresa, por ejemplo, desviando los consumos nocturnos a horario solar en la medida de lo posible, o bien aprovechando la energ\u00eda excedente para otros usos (como calentamiento de agua, calefacci\u00f3n, etc.)<\/li>\n<\/ul>\n<p>[\/vc_column_text][\/vc_column][\/vc_row][vc_row css_animation=\u00bbelement_from_fade\u00bb row_type=\u00bbrow\u00bb use_row_as_full_screen_section=\u00bbno\u00bb type=\u00bbgrid\u00bb angled_section=\u00bbno\u00bb text_align=\u00bbcenter\u00bb background_image_as_pattern=\u00bbwithout_pattern\u00bb z_index=\u00bb\u00bb][vc_column][vc_column_text]<\/p>\n<h2 class=\"title-heading-center texto-negro\" style=\"text-align: center;\" data-fontsize=\"32\" data-lineheight=\"40\">EMPRESAS QUE DEJAN DE AHORRAR, POR NO INSTALAR AUTOCONSUMO SOLAR<\/h2>\n<p>[\/vc_column_text][\/vc_column][\/vc_row][vc_row css_animation=\u00bb\u00bb row_type=\u00bbrow\u00bb use_row_as_full_screen_section=\u00bbno\u00bb type=\u00bbgrid\u00bb angled_section=\u00bbno\u00bb text_align=\u00bbleft\u00bb background_image_as_pattern=\u00bbwithout_pattern\u00bb z_index=\u00bb\u00bb][vc_column width=\u00bb1\/4&#8243;]<div class='q_icon_with_title small circle center '><div class=\"icon_holder \" style=\" \"><span data-icon-type=\"circle\"  data-icon-hover-bg-color=\"#ffffff\" class=\"qode_iwt_icon_holder fa-stack fa-2x  \" style=\"border-color: #78bb6a;\"><i class=\"qode_icon_font_awesome fa fa-cutlery qode_iwt_icon_element\" style=\"color: #78bb6a;\" ><\/i><\/span><\/div><div class=\"icon_text_holder\" style=\"\"><div class=\"icon_text_inner\" style=\"\"><h5 class=\"icon_title\" style=\"\">ALIMENTACI\u00d3N<\/h5><p style=''><\/p><\/div><\/div><\/div><div class='q_icon_with_title small circle center '><div class=\"icon_holder \" style=\" \"><span data-icon-type=\"circle\"  data-icon-hover-bg-color=\"#ffffff\" class=\"qode_iwt_icon_holder fa-stack fa-2x  \" style=\"border-color: #78bb6a;\"><i class=\"qode_icon_font_awesome fa fa-wrench qode_iwt_icon_element\" style=\"color: #78bb6a;\" ><\/i><\/span><\/div><div class=\"icon_text_holder\" style=\"\"><div class=\"icon_text_inner\" style=\"\"><h5 class=\"icon_title\" style=\"\">TALLERES<\/h5><p style=''><\/p><\/div><\/div><\/div>[\/vc_column][vc_column width=\u00bb1\/4&#8243;]<div class='q_icon_with_title small circle center '><div class=\"icon_holder \" style=\" \"><span data-icon-type=\"circle\"  data-icon-hover-bg-color=\"#ffffff\" class=\"qode_iwt_icon_holder fa-stack fa-2x  \" style=\"border-color: #78bb6a;\"><i class=\"qode_icon_font_awesome fa fa-car qode_iwt_icon_element\" style=\"color: #78bb6a;\" ><\/i><\/span><\/div><div class=\"icon_text_holder\" style=\"\"><div class=\"icon_text_inner\" style=\"\"><h5 class=\"icon_title\" style=\"\">GASOLINERAS<\/h5><p style=''><\/p><\/div><\/div><\/div><div class='q_icon_with_title small circle center '><div class=\"icon_holder \" style=\" \"><span data-icon-type=\"circle\"  data-icon-hover-bg-color=\"#ffffff\" class=\"qode_iwt_icon_holder fa-stack fa-2x  \" style=\"border-color: #78bb6a;\"><i class=\"qode_icon_font_awesome fa fa-industry qode_iwt_icon_element\" style=\"color: #78bb6a;\" ><\/i><\/span><\/div><div class=\"icon_text_holder\" style=\"\"><div class=\"icon_text_inner\" style=\"\"><h5 class=\"icon_title\" style=\"\">FABRICACI\u00d3N<\/h5><p style=''><\/p><\/div><\/div><\/div>[\/vc_column][vc_column width=\u00bb1\/4&#8243;]<div class='q_icon_with_title small circle center '><div class=\"icon_holder \" style=\" \"><span data-icon-type=\"circle\"  data-icon-hover-bg-color=\"#ffffff\" class=\"qode_iwt_icon_holder fa-stack fa-2x  \" style=\"border-color: #78bb6a;\"><i class=\"qode_icon_font_awesome fa fa-shopping-cart qode_iwt_icon_element\" style=\"color: #78bb6a;\" ><\/i><\/span><\/div><div class=\"icon_text_holder\" style=\"\"><div class=\"icon_text_inner\" style=\"\"><h5 class=\"icon_title\" style=\"\">SUPERMERCADOS<\/h5><p style=''><\/p><\/div><\/div><\/div><div class='q_icon_with_title small circle center '><div class=\"icon_holder \" style=\" \"><span data-icon-type=\"circle\"  data-icon-hover-bg-color=\"#ffffff\" class=\"qode_iwt_icon_holder fa-stack fa-2x  \" style=\"border-color: #78bb6a;\"><i class=\"qode_icon_font_awesome fa fa-shopping-bag qode_iwt_icon_element\" style=\"color: #78bb6a;\" ><\/i><\/span><\/div><div class=\"icon_text_holder\" style=\"\"><div class=\"icon_text_inner\" style=\"\"><h5 class=\"icon_title\" style=\"\">CENTROS COMERCIALES<\/h5><p style=''><\/p><\/div><\/div><\/div>[\/vc_column][vc_column width=\u00bb1\/4&#8243;]<div class='q_icon_with_title small circle center '><div class=\"icon_holder \" style=\" \"><span data-icon-type=\"circle\"  data-icon-hover-bg-color=\"#ffffff\" class=\"qode_iwt_icon_holder fa-stack fa-2x  \" style=\"border-color: #78bb6a;\"><i class=\"qode_icon_font_awesome fa fa-bed qode_iwt_icon_element\" style=\"color: #78bb6a;\" ><\/i><\/span><\/div><div class=\"icon_text_holder\" style=\"\"><div class=\"icon_text_inner\" style=\"\"><h5 class=\"icon_title\" style=\"\">HOTELES<\/h5><p style=''><\/p><\/div><\/div><\/div><div class='q_icon_with_title small circle center '><div class=\"icon_holder \" style=\" \"><span data-icon-type=\"circle\"  data-icon-hover-bg-color=\"#ffffff\" class=\"qode_iwt_icon_holder fa-stack fa-2x  \" style=\"border-color: #78bb6a;\"><i class=\"qode_icon_font_awesome fa fa-stop-circle-o qode_iwt_icon_element\" style=\"color: #78bb6a;\" ><\/i><\/span><\/div><div class=\"icon_text_holder\" style=\"\"><div class=\"icon_text_inner\" style=\"\"><h5 class=\"icon_title\" style=\"\">EL POTENCIAL EST\u00c1 EN TODAS PARTES<\/h5><p style=''><\/p><\/div><\/div><\/div>[\/vc_column][\/vc_row][vc_row css_animation=\u00bb\u00bb row_type=\u00bbrow\u00bb use_row_as_full_screen_section=\u00bbno\u00bb type=\u00bbgrid\u00bb angled_section=\u00bbno\u00bb text_align=\u00bbleft\u00bb background_image_as_pattern=\u00bbwithout_pattern\u00bb z_index=\u00bb\u00bb][vc_column][vc_row_inner row_type=\u00bbrow\u00bb type=\u00bbfull_width\u00bb text_align=\u00bbleft\u00bb css_animation=\u00bb\u00bb][vc_column_inner][vc_column_text]<\/p>\n<h3 style=\"text-align: center;\"><strong>CONT\u00c1CTANOS<\/strong><\/h3>\n<p>[\/vc_column_text][\/vc_column_inner][\/vc_row_inner]<div role=\"form\" class=\"wpcf7\" id=\"wpcf7-f15793-o1\" lang=\"es-ES\" dir=\"ltr\">\n<div class=\"screen-reader-response\" role=\"alert\" aria-live=\"polite\"><\/div>\n<form action=\"\/blog\/wp-json\/wp\/v2\/pages\/15652#wpcf7-f15793-o1\" method=\"post\" class=\"wpcf7-form init cf7_custom_style_3\" novalidate=\"novalidate\">\n<div style=\"display: none;\">\n<input type=\"hidden\" name=\"_wpcf7\" value=\"15793\" \/>\n<input type=\"hidden\" name=\"_wpcf7_version\" value=\"5.2.1\" \/>\n<input type=\"hidden\" name=\"_wpcf7_locale\" value=\"es_ES\" \/>\n<input type=\"hidden\" name=\"_wpcf7_unit_tag\" value=\"wpcf7-f15793-o1\" \/>\n<input type=\"hidden\" name=\"_wpcf7_container_post\" value=\"0\" \/>\n<input type=\"hidden\" name=\"_wpcf7_posted_data_hash\" value=\"\" \/>\n<\/div>\n<p><label> Tu nombre (requerido)<br \/>\n    <span class=\"wpcf7-form-control-wrap your-name\"><input type=\"text\" name=\"your-name\" value=\"\" size=\"40\" class=\"wpcf7-form-control wpcf7-text wpcf7-validates-as-required\" aria-required=\"true\" aria-invalid=\"false\" \/><\/span> <\/label><\/p>\n<p><label> Tu correo electr\u00f3nico (requerido)<br \/>\n    <span class=\"wpcf7-form-control-wrap your-email\"><input type=\"email\" name=\"your-email\" value=\"\" size=\"40\" class=\"wpcf7-form-control wpcf7-text wpcf7-email wpcf7-validates-as-required wpcf7-validates-as-email\" aria-required=\"true\" aria-invalid=\"false\" \/><\/span> <\/label><\/p>\n<p><label> Tel\u00e9fono<br \/>\n    <span class=\"wpcf7-form-control-wrap your-telefono\"><input type=\"text\" name=\"your-telefono\" value=\"\" size=\"40\" class=\"wpcf7-form-control wpcf7-text\" aria-invalid=\"false\" \/><\/span> <\/label><\/p>\n<p><label> Poblaci\u00f3n<br \/>\n    <span class=\"wpcf7-form-control-wrap your-subject\"><input type=\"text\" name=\"your-subject\" value=\"\" size=\"40\" class=\"wpcf7-form-control wpcf7-text\" aria-invalid=\"false\" \/><\/span> <\/label><\/p>\n<p><label> Tu mensaje<br \/>\n    <span class=\"wpcf7-form-control-wrap your-message\"><textarea name=\"your-message\" cols=\"40\" rows=\"10\" class=\"wpcf7-form-control wpcf7-textarea\" aria-invalid=\"false\"><\/textarea><\/span> <\/label><\/p>\n<p><span class=\"wpcf7-form-control-wrap privacidad\"><span class=\"wpcf7-form-control wpcf7-acceptance\"><span class=\"wpcf7-list-item\"><label><input type=\"checkbox\" name=\"privacidad\" value=\"1\" aria-invalid=\"false\" \/><span class=\"wpcf7-list-item-label\">Acepto la pol\u00edtica de privacidad<\/span><\/label><\/span><\/span><\/span><br \/>\n<input type=\"submit\" value=\"Enviar\" class=\"wpcf7-form-control wpcf7-submit\" \/><\/p>\n<div class=\"wpcf7-response-output\" role=\"alert\" aria-hidden=\"true\"><\/div><\/form><\/div>[\/vc_column][\/vc_row]<\/p>\n","protected":false},"excerpt":{"rendered":"<p>[vc_row css_animation=\u00bbelement_from_fade\u00bb row_type=\u00bbrow\u00bb use_row_as_full_screen_section=\u00bbno\u00bb type=\u00bbfull_width\u00bb angled_section=\u00bbno\u00bb text_align=\u00bbleft\u00bb background_image_as_pattern=\u00bbwithout_pattern\u00bb z_index=\u00bb\u00bb css=\u00bb.vc_custom_1559751691005{padding-top: 150px !important;padding-bottom: 150px !important;background-image: url(https:\/\/olasolar.com\/blog\/wp-content\/uploads\/2019\/06\/seccion-industrial.jpg?id=16335) !important;}\u00bb][vc_column][vc_column_text] Autoconsumo industrial [\/vc_column_text][\/vc_column][\/vc_row][vc_row css_animation=\u00bbelement_from_fade\u00bb row_type=\u00bbrow\u00bb use_row_as_full_screen_section=\u00bbno\u00bb type=\u00bbgrid\u00bb angled_section=\u00bbno\u00bb text_align=\u00bbleft\u00bb background_image_as_pattern=\u00bbwithout_pattern\u00bb z_index=\u00bb\u00bb][vc_column][vc_column_text css=\u00bb.vc_custom_1559654847122{margin-top: 80px !important;}\u00bb]Los mayores ahorros con energ\u00eda solar fotovoltaica se dan sin duda en el autoconsumo en empresas&#8230;<\/p>\n","protected":false},"author":1,"featured_media":0,"parent":0,"menu_order":0,"comment_status":"closed","ping_status":"closed","template":"full_width.php","meta":[],"_links":{"self":[{"href":"https:\/\/olasolar.com\/blog\/wp-json\/wp\/v2\/pages\/15652"}],"collection":[{"href":"https:\/\/olasolar.com\/blog\/wp-json\/wp\/v2\/pages"}],"about":[{"href":"https:\/\/olasolar.com\/blog\/wp-json\/wp\/v2\/types\/page"}],"author":[{"embeddable":true,"href":"https:\/\/olasolar.com\/blog\/wp-json\/wp\/v2\/users\/1"}],"replies":[{"embeddable":true,"href":"https:\/\/olasolar.com\/blog\/wp-json\/wp\/v2\/comments?post=15652"}],"version-history":[{"count":48,"href":"https:\/\/olasolar.com\/blog\/wp-json\/wp\/v2\/pages\/15652\/revisions"}],"predecessor-version":[{"id":16709,"href":"https:\/\/olasolar.com\/blog\/wp-json\/wp\/v2\/pages\/15652\/revisions\/16709"}],"wp:attachment":[{"href":"https:\/\/olasolar.com\/blog\/wp-json\/wp\/v2\/media?parent=15652"}],"curies":[{"name":"wp","href":"https:\/\/api.w.org\/{rel}","templated":true}]}}