{"id":16396,"date":"2020-05-11T09:21:57","date_gmt":"2020-05-11T09:21:57","guid":{"rendered":"https:\/\/olasolar.com\/blog\/?page_id=16396"},"modified":"2021-03-15T11:27:54","modified_gmt":"2021-03-15T11:27:54","slug":"calculadora","status":"publish","type":"page","link":"https:\/\/olasolar.com\/blog\/calculadora\/","title":{"rendered":"Calculadora"},"content":{"rendered":"<p>[vc_row css_animation=\u00bb\u00bb row_type=\u00bbrow\u00bb use_row_as_full_screen_section=\u00bbno\u00bb type=\u00bbfull_width\u00bb angled_section=\u00bbno\u00bb text_align=\u00bbleft\u00bb background_image_as_pattern=\u00bbwithout_pattern\u00bb][vc_column][vc_empty_space height=\u00bb50px\u00bb][vc_column_text]<\/p>\n<p style=\"text-align: center; max-width: 700px; margin: 0 auto;\">Rellene la informaci\u00f3n solicitada a continuaci\u00f3n si quiere realizar un c\u00e1lculo aproximado de la instalaci\u00f3n solar fotovoltaica para autoconsumo de su vivienda o negocio.<\/p>\n<p>[\/vc_column_text][\/vc_column][\/vc_row][vc_row css_animation=\u00bb\u00bb row_type=\u00bbrow\u00bb use_row_as_full_screen_section=\u00bbyes\u00bb type=\u00bbgrid\u00bb angled_section=\u00bbno\u00bb text_align=\u00bbleft\u00bb background_image_as_pattern=\u00bbwithout_pattern\u00bb z_index=\u00bb\u00bb css=\u00bb.vc_custom_1615807666246{margin-bottom: 50px !important;}\u00bb][vc_column el_class=\u00bbcaja-calculador\u00bb][vc_raw_html]JTNDc2NyaXB0JTIwc3JjJTNEJTI3aHR0cHMlM0ElMkYlMkZ3d3cuZ29vZ2xlLmNvbSUyRnJlY2FwdGNoYSUyRmFwaS5qcyUyNyUzRSUzQyUyRnNjcmlwdCUzRSUwQSUwOSUzQ2RpdiUyMGNsYXNzJTNEJTIydmNfY29sLXhzLTEyJTIwdmNfY29sLXNtLTglMjIlM0UlMEElMDklMDklM0NkaXYlMjBjbGFzcyUzRCUyMnZjX3JvdyUyMiUzRSUwQSUwOSUwOSUyMCUyMCUzQ2RpdiUyMGNsYXNzJTNEJTIydmNfY29sLXhzLTEyJTIyJTNFJTBBJTA5JTA5JTA5JTNDaDQlM0Vab25hJTIwZGUlMjB0dSUyMGluc3RhbGFjaSVDMyVCM24lM0MlMkZoNCUzRSUwQSUwOSUwOSUwOSUzQ2RpdiUyMGNsYXNzJTNEJTIydmNfY29sLXhzLTEyJTIwdmNfY29sLXNtLTYlMjBxdWl0YXItbWFyZ2luLWxlZnQlMjIlM0UlMEElMDklMDklMDklMjAlMjAlM0NzZWxlY3QlMjBpZCUzRCUyMnpvbmElMjIlMjBjbGFzcyUzRCUyMmZvcm0tY29udHJvbCUyMiUyMG5hbWUlM0QlMjJ6b25hJTIyJTNFJTBBJTA5JTA5JTA5JTA5JTNDb3B0aW9uJTIwdmFsdWUlM0QlMjIxJTIyJTNFWm9uYSUyMEklM0MlMkZvcHRpb24lM0UlMEElMDklMDklMDklMDklM0NvcHRpb24lMjB2YWx1ZSUzRCUyMjIlMjIlM0Vab25hJTIwSUklM0MlMkZvcHRpb24lM0UlMEElMDklMDklMDklMDklM0NvcHRpb24lMjB2YWx1ZSUzRCUyMjMlMjIlM0Vab25hJTIwSUlJJTNDJTJGb3B0aW9uJTNFJTBBJTA5JTA5JTA5JTA5JTNDb3B0aW9uJTIwdmFsdWUlM0QlMjI0JTIyJTIwc2VsZWN0ZWQlM0Vab25hJTIwSVYlM0MlMkZvcHRpb24lM0UlMEElMDklMDklMDklMDklM0NvcHRpb24lMjB2YWx1ZSUzRCUyMjUlMjIlM0Vab25hJTIwViUzQyUyRm9wdGlvbiUzRSUwQSUwOSUwOSUwOSUyMCUyMCUzQyUyRnNlbGVjdCUzRSUwQSUwOSUwOSUwOSUzQyUyRmRpdiUzRSUwQSUwOSUwOSUwOSUzQ2RpdiUyMGNsYXNzJTNEJTIydmNfY29sLXhzLTEyJTIwdmNfY29sLXNtLTYlMjIlM0UlMEElMDklMDklMDklMjAlMjAlM0NkaXYlMjBjbGFzcyUzRCUyMmF5dWRhJTIyJTNFJTNDYSUyMGhyZWYlM0QlMjJodHRwcyUzQSUyRiUyRm9sYXNvbGFyLmNvbSUyRmJsb2clMkZ3cC1jb250ZW50JTJGdXBsb2FkcyUyRjIwMjAlMkYwNSUyRm1hcGEtbmFpcm50ZWxlY29tLnBuZyUyMiUyMGRhdGEtcmVsJTNEJTIybGlnaHRib3gtaW1hZ2UtMCUyMiUyMGRhdGEtcmxfdGl0bGUlM0QlMjIlMjIlMjBkYXRhLXJsX2NhcHRpb24lM0QlMjIlMjIlMjB0aXRsZSUzRCUyMiUyMiUyMHJlbCUzRCUyMmxpZ2h0Ym94LWltYWdlLTAlMjIlM0VNYXBhJTIwZGUlMjB6b25hJTNDJTJGYSUzRSUzQyUyRmRpdiUzRSUwQSUwOSUwOSUwOSUzQyUyRmRpdiUzRSUwQSUwOSUwOSUyMCUyMCUzQyUyRmRpdiUzRSUwQSUwOSUwOSUzQyUyRmRpdiUzRSUwQSUwOSUwOSUzQ2RpdiUyMGNsYXNzJTNEJTIydmNfcm93JTIyJTNFJTBBJTA5JTA5JTIwJTIwJTNDZGl2JTIwY2xhc3MlM0QlMjJ2Y19jb2wteHMtMTIlMjIlM0UlMEElMDklMDklMDklM0NkaXYlMjBjbGFzcyUzRCUyMnZjX2NvbC14cy0xMiUyMHZjX2NvbC1zbS02JTIwcXVpdGFyLW1hcmdpbi1sZWZ0JTIyJTNFJTBBJTA5JTA5JTA5JTIwJTIwJTNDaDQlM0VPcmllbnRhY2klQzMlQjNuJTIwZGVsJTIwdGVqYWRvJTNDJTJGaDQlM0UlMEElMDklMDklMDklMjAlMjAlM0NzZWxlY3QlMjBpZCUzRCUyMmluY2xpbmFjaW9uJTIyJTIwY2xhc3MlM0QlMjJmb3JtLWNvbnRyb2wlMjIlMjBuYW1lJTNEJTIyaW5jbGluYWNpb24lMjIlM0UlMEElMDklMDklMDklMDklM0NvcHRpb24lMjB2YWx1ZSUzRCUyMm5vcnRlJTIyJTNFTm9ydGUlM0MlMkZvcHRpb24lM0UlMEElMDklMDklMDklMDklM0NvcHRpb24lMjB2YWx1ZSUzRCUyMnN1ciUyMiUyMHNlbGVjdGVkJTNFU3VyJTNDJTJGb3B0aW9uJTNFJTBBJTA5JTA5JTA5JTA5JTNDb3B0aW9uJTIwdmFsdWUlM0QlMjJlc3RlJTIyJTNFRXN0ZSUzQyUyRm9wdGlvbiUzRSUwQSUwOSUwOSUwOSUwOSUzQ29wdGlvbiUyMHZhbHVlJTNEJTIyb2VzdGUlMjIlM0VPZXN0ZSUzQyUyRm9wdGlvbiUzRSUwQSUwOSUwOSUwOSUwOSUzQ29wdGlvbiUyMHZhbHVlJTNEJTIyZXN0ZSUyQm9lc3RlJTIyJTNFRXN0ZSUyMHklMjBPZXN0ZSUzQyUyRm9wdGlvbiUzRSUwQSUwOSUwOSUwOSUwOSUzQ29wdGlvbiUyMHZhbHVlJTNEJTIyc2luJTIyJTNFU2luJTIwaW5jbGluYWNpJUMzJUIzbiUzQyUyRm9wdGlvbiUzRSUwQSUwOSUwOSUwOSUyMCUyMCUzQyUyRnNlbGVjdCUzRSUwQSUwOSUwOSUwOSUzQyUyRmRpdiUzRSUwQSUwOSUwOSUwOSUzQ2RpdiUyMGNsYXNzJTNEJTIydmNfY29sLXhzLTEyJTIwdmNfY29sLXNtLTYlMjIlM0UlMEElMDklMDklMDklMjAlMjAlM0NkaXYlMjBjbGFzcyUzRCUyMmltYWdlbi1vcmllbnRhY2klQzMlQjNuJTIyJTNFJTNDaW1nJTIwc3JjJTNEJTIyaHR0cHMlM0ElMkYlMkZvbGFzb2xhci5jb20lMkZibG9nJTJGd3AtY29udGVudCUyRnVwbG9hZHMlMkYyMDIwJTJGMDUlMkZzdXIucG5nJTIyJTIwaWQlM0QlMjJpbWFnZW4tb3JpZW50YWNpb24lMjIlMjBhbHQlM0QlMjJpbmNsaW5hY2lvbiUyMiUzRSUzQyUyRmRpdiUzRSUwQSUwOSUwOSUwOSUzQyUyRmRpdiUzRSUwQSUwOSUwOSUyMCUyMCUzQyUyRmRpdiUzRSUwQSUwOSUwOSUzQyUyRmRpdiUzRSUwQSUwOSUwOSUzQ2RpdiUyMGNsYXNzJTNEJTIydmNfcm93JTIyJTNFJTBBJTA5JTA5JTIwJTIwJTNDZGl2JTIwY2xhc3MlM0QlMjJ2Y19jb2wteHMtMTIlMjIlM0UlMEElMDklMDklMDklM0NkaXYlMjBjbGFzcyUzRCUyMnZjX2NvbC14cy0xMiUyMHZjX2NvbC1zbS02JTIwcXVpdGFyLW1hcmdpbi1sZWZ0JTIyJTNFJTBBJTA5JTA5JTA5JTIwJTIwJTNDaDQlM0VIJUMzJUExYml0byUyMGRlJTIwY29uc3VtbyUzQyUyRmg0JTNFJTBBJTA5JTA5JTA5JTIwJTIwJTNDc2VsZWN0JTIwaWQlM0QlMjJoYWJpdG8lMjIlMjBjbGFzcyUzRCUyMmZvcm0tY29udHJvbCUyMiUyMG5hbWUlM0QlMjJoYWJpdG8lMjIlM0UlMEElMDklMDklMDklMDklM0NvcHRpb24lMjB2YWx1ZSUzRCUyMmRpdXJubyUyMiUzRURpdXJubyUzQyUyRm9wdGlvbiUzRSUwQSUwOSUwOSUwOSUwOSUzQ29wdGlvbiUyMHZhbHVlJTNEJTIybm9jdHVybm8lMjIlM0VOb2N0dXJubyUzQyUyRm9wdGlvbiUzRSUwQSUwOSUwOSUwOSUyMCUyMCUzQyUyRnNlbGVjdCUzRSUwQSUwOSUwOSUwOSUzQyUyRmRpdiUzRSUwQSUwOSUwOSUyMCUyMCUzQyUyRmRpdiUzRSUwQSUwOSUwOSUzQyUyRmRpdiUzRSUwQSUwOSUwOSUzQ2RpdiUyMGNsYXNzJTNEJTIydmNfcm93JTIyJTNFJTBBJTA5JTA5JTIwJTIwJTNDZGl2JTIwY2xhc3MlM0QlMjJ2Y19jb2wteHMtMTIlMjB2Y19jb2wtc20tMTIlMjIlM0UlMEElMDklMDklMDklM0NoNCUzRUNvbnN1bW8lMjBlbCVDMyVBOWN0cmljbyUyMG1lZGlvJTIwbWVuc3VhbCUzQyUyRmg0JTNFJTBBJTA5JTA5JTA5JTNDZGl2JTIwY2xhc3MlM0QlMjJ2Y19jb2wteHMtMTIlMjB2Y19jb2wtc20tNiUyMHF1aXRhci1tYXJnaW4tbGVmdCUyMiUzRSUwQSUwOSUwOSUwOSUyMCUyMCUzQ2lucHV0JTIwaWQlM0QlMjJjb25zdW1vLW1lZGlvJTIyJTIwY2xhc3MlM0QlMjJmb3JtLWNvbnRyb2wlMjIlMjBuYW1lJTNEJTIyY29uc3Vtby1tZWRpbyUyMiUyMHR5cGUlM0QlMjJudW1iZXIlMjIlMjAlMkYlM0UlMEElMDklMDklMDklM0MlMkZkaXYlM0UlMEElMDklMDklMDklM0NkaXYlMjBjbGFzcyUzRCUyMnZjX2NvbC14cy0xMiUyMHZjX2NvbC1zbS02JTIyJTNFJTBBJTA5JTA5JTA5JTIwJTIwJTNDZGl2JTIwY2xhc3MlM0QlMjJheXVkYSUyMiUzRSUzQ2ElMjBocmVmJTNEJTIyaHR0cHMlM0ElMkYlMkZvbGFzb2xhci5jb20lMkZibG9nJTJGd3AtY29udGVudCUyRnVwbG9hZHMlMkYyMDIwJTJGMDUlMkZjb25zdW1vLW1lZGlvLmpwZyUyMiUyMGRhdGEtcmVsJTNEJTIybGlnaHRib3gtaW1hZ2UtMCUyMiUyMGRhdGEtcmxfdGl0bGUlM0QlMjIlMjIlMjBkYXRhLXJsX2NhcHRpb24lM0QlMjIlMjIlMjB0aXRsZSUzRCUyMiUyMiUyMHJlbCUzRCUyMmxpZ2h0Ym94LWltYWdlLTAlMjIlM0UlQzIlQkZEb25kZSUyMHB1ZWRvJTIwdmVyJTIwZXN0byUzRiUzQyUyRmElM0UlM0MlMkZkaXYlM0UlMEElMDklMDklMDklM0MlMkZkaXYlM0UlMEElMDklMDklMjAlMjAlM0MlMkZkaXYlM0UlMEElMDklMDklM0MlMkZkaXYlM0UlMEElMDklMDklM0NkaXYlMjBjbGFzcyUzRCUyMnZjX3JvdyUyMiUzRSUwQSUwOSUwOSUyMCUyMCUzQ2RpdiUyMGNsYXNzJTNEJTIydmNfY29sLXhzLTEyJTIwdmNfY29sLXNtLTEyJTIyJTNFJTBBJTA5JTA5JTA5JTNDaDQlM0VQcmVjaW8lMjBkZSUyMGNvbXByYSUyMGRlJTIwbGElMjBFbGVjdHJpY2lkYWQlM0MlMkZoNCUzRSUwQSUwOSUwOSUwOSUzQ2RpdiUyMGNsYXNzJTNEJTIydmNfY29sLXhzLTEyJTIwdmNfY29sLXNtLTYlMjBxdWl0YXItbWFyZ2luLWxlZnQlMjIlM0UlMEElMDklMDklMDklMjAlMjAlM0NpbnB1dCUyMGlkJTNEJTIycHJlY2lvJTIyJTIwY2xhc3MlM0QlMjJmb3JtLWNvbnRyb2wlMjIlMjBuYW1lJTNEJTIycHJlY2lvJTIyJTIwdHlwZSUzRCUyMm51bWJlciUyMiUyMCUyRiUzRSUwQSUwOSUwOSUwOSUzQyUyRmRpdiUzRSUwQSUwOSUwOSUwOSUzQ2RpdiUyMGNsYXNzJTNEJTIydmNfY29sLXhzLTEyJTIwdmNfY29sLXNtLTYlMjIlM0UlMEElMDklMDklMDklMjAlMjAlM0NkaXYlMjBjbGFzcyUzRCUyMmF5dWRhJTIyJTNFJTIwJTNDYSUyMGhyZWYlM0QlMjJodHRwcyUzQSUyRiUyRm9sYXNvbGFyLmNvbSUyRmJsb2clMkZ3cC1jb250ZW50JTJGdXBsb2FkcyUyRjIwMjAlMkYwNSUyRmVuZXJnaWEtY29uc3VtaWRhLmpwZyUyMiUyMGRhdGEtcmVsJTNEJTIybGlnaHRib3gtaW1hZ2UtMCUyMiUyMGRhdGEtcmxfdGl0bGUlM0QlMjIlMjIlMjBkYXRhLXJsX2NhcHRpb24lM0QlMjIlMjIlMjB0aXRsZSUzRCUyMiUyMiUyMHJlbCUzRCUyMmxpZ2h0Ym94LWltYWdlLTAlMjIlM0UlQzIlQkZEb25kZSUyMHB1ZWRvJTIwdmVyJTIwZXN0byUzRiUzQyUyRmElM0UlMjAlM0MlMkZkaXYlM0UlMEElMDklMDklMDklM0MlMkZkaXYlM0UlMEElMDklMDklMjAlMjAlM0MlMkZkaXYlM0UlMEElMDklMDklM0MlMkZkaXYlM0UlMEElMDklM0MlMkZkaXYlM0UlMEElMEElMDklM0NkaXYlMjBjbGFzcyUzRCUyMnZjX2NvbC14cy0xMiUyMHZjX2NvbC1zbS00JTIyJTNFJTBBJTIwJTIwJTIwJTIwJTIwJTIwJTNDZGl2JTIwY2xhc3MlM0QlMjJ2Y19yb3clMjIlM0UlMEElMjAlMjAlMjAlMjAlMjAlMjAlMjAlMjAlM0NkaXYlMjBjbGFzcyUzRCUyMnZjX2NvbC14cy0xMiUyMHZjX2NvbC1zbS0xMiUyMiUzRSUwQSUyMCUyMCUyMCUyMCUyMCUyMCUyMCUyMCUyMCUyMCUzQ2g0JTNFTm9tYnJlJTNDJTJGaDQlM0UlMEElMjAlMjAlMjAlMjAlMjAlMjAlMjAlMjAlMjAlMjAlM0NpbnB1dCUyMGlkJTNEJTIybm9tYnJlJTIyJTIwY2xhc3MlM0QlMjJmb3JtLWNvbnRyb2wlMjIlMjBuYW1lJTNEJTIybm9tYnJlJTIyJTIwdHlwZSUzRCUyMnRleHQlMjIlMjByZXF1aXJlZCUyRiUzRSUwQSUyMCUyMCUyMCUyMCUyMCUyMCUyMCUyMCUyMCUyMCUzQ2g0JTNFVGVsJUMzJUE5Zm9ubyUzQyUyRmg0JTNFJTBBJTIwJTIwJTIwJTIwJTIwJTIwJTIwJTIwJTIwJTIwJTNDaW5wdXQlMjBpZCUzRCUyMnRlbGVmb25vJTIyJTIwY2xhc3MlM0QlMjJmb3JtLWNvbnRyb2wlMjIlMjBuYW1lJTNEJTIydGVsZWZvbm8lMjIlMjB0eXBlJTNEJTIydGV4dCUyMiUyMHJlcXVpcmVkJTJGJTNFJTBBJTIwJTIwJTIwJTIwJTIwJTIwJTIwJTIwJTIwJTIwJTNDaDQlM0VDJUMzJUIzZGlnbyUyMFBvc3RhbCUyMG8lMjBMb2NhbGlkYWQlM0MlMkZoNCUzRSUwQSUyMCUyMCUyMCUyMCUyMCUyMCUyMCUyMCUyMCUyMCUzQ2lucHV0JTIwaWQlM0QlMjJsdWdhciUyMiUyMGNsYXNzJTNEJTIyZm9ybS1jb250cm9sJTIyJTIwbmFtZSUzRCUyMmx1Z2FyJTIyJTIwdHlwZSUzRCUyMnRleHQlMjIlMjByZXF1aXJlZCUyMCUyRiUzRSUwQSUwOSUzQ2g0JTNFQ29ycmVvJTNDJTJGaDQlM0UlMEElMjAlMjAlMjAlMjAlMjAlMjAlMjAlMjAlMjAlMjAlM0NpbnB1dCUyMGlkJTNEJTIyY29ycmVvJTIyJTIwY2xhc3MlM0QlMjJmb3JtLWNvbnRyb2wlMjIlMjBuYW1lJTNEJTIyY29ycmVvJTIyJTIwdHlwZSUzRCUyMmVtYWlsJTIyJTIwcmVxdWlyZWQlMjAlMkYlM0UlMDklMDklMDklMjAlM0NjZW50ZXIlM0UlMEElM0MlMjEtLSUyMCUzQ2RpdiUyMGNsYXNzJTNEJTIyZy1yZWNhcHRjaGElMjIlMjBkYXRhLWNhbGxiYWNrJTNEJTIycmVjYXB0Y2hhQ2FsbGJhY2slMjIlMjBkYXRhLXNpdGVrZXklM0QlMjI2TGRmRmZZVUFBQUFBS1U1MjJYc0JuYVhFZkI4d2FRSlAxV0RVT205JTIyJTNFJTNDJTJGZGl2JTNFJTIwJTIwLS0lM0UlMEElMDklMDklM0NidXR0b24lMjBjbGFzcyUzRCUyMnFvZGUtYnRuJTIwcW9kZS1idG4tbWVkaXVtJTIwcW9kZS1idG4tc29saWQlMjBxb2RlLWJ0bi1jdXN0b20taG92ZXItYmclMjBxb2RlLWJ0bi1jdXN0b20taG92ZXItY29sb3IlMjBxb2RlLWJ0bi1kZWZhdWx0LWhvdmVyJTIwY2FsY3VsYXIlMjIlMjBzdHlsZSUzRCUyMmNvbG9yJTNBJTIwJTIzZmZmZmZmJTNCJTIwYmFja2dyb3VuZC1jb2xvciUzQSUyMCUyMzk4RDI4QiUzQiUyMiUyMGRhdGEtaG92ZXItYmctY29sb3IlM0QlMjIlMjNmZmZmZmYlMjIlMjBkYXRhLWhvdmVyLWNvbG9yJTNEJTIyJTIzOThEMjhCJTIyJTNFQ2FsY3VsYXIlM0MlMkZidXR0b24lM0UlMEElMDklMjAlMjAlM0MlMkZjZW50ZXIlM0UlMEElMjAlMjAlMjAlMjAlMjAlMjAlMjAlMjAlM0MlMkZkaXYlM0UlMEElMjAlMjAlMjAlMjAlMjAlMjAlM0MlMkZkaXYlM0UlMDklMEElMDklM0MlMkZkaXYlM0UlMDklMEElMEElM0NkaXYlMjBjbGFzcyUzRCUyMnJlc3VsdGFkb3MlMjIlMjBzdHlsZSUzRCUyMmRpc3BsYXklM0Fub25lJTIyJTNFJTBBJTNDZGl2JTIwY2xhc3MlM0QlMjJjYWphLXJlc3VsdGFkb3MlMjIlM0UlM0MlMkZkaXYlM0UlMEElM0NjZW50ZXIlM0UlM0NidXR0b24lMjBjbGFzcyUzRCUyMnFvZGUtYnRuJTIwcW9kZS1idG4tbWVkaXVtJTIwcW9kZS1idG4tc29saWQlMjBxb2RlLWJ0bi1jdXN0b20taG92ZXItYmclMjBxb2RlLWJ0bi1jdXN0b20taG92ZXItY29sb3IlMjBxb2RlLWJ0bi1kZWZhdWx0LWhvdmVyJTIwY2VycmFyJTIyJTIwc3R5bGUlM0QlMjJjb2xvciUzQSUyMCUyM2ZmZmZmZiUzQiUyMGJhY2tncm91bmQtY29sb3IlM0ElMjAlMjNlYzBhMGElM0IlMjIlMjBkYXRhLWhvdmVyLWJnLWNvbG9yJTNEJTIyJTIzZWMwYTBhJTIyJTIwZGF0YS1ob3Zlci1jb2xvciUzRCUyMiUyM2ZmZmZmZiUyMiUzRUNlcnJhciUzQyUyRmJ1dHRvbiUzRSUzQyUyRmNlbnRlciUzRSUwQSUzQyUyRmRpdiUzRSUwQSUzQyUyMS0tJTIwJTNDc2NyaXB0JTNFJTBBZnVuY3Rpb24lMjByZWNhcHRjaGFDYWxsYmFjayUyOCUyOSUyMCU3QiUwQSUyMCUyMCUyMCUyMGpRdWVyeSUyOCUyNy5jYWxjdWxhciUyNyUyOS5yZW1vdmVBdHRyJTI4JTI3ZGlzYWJsZWQlMjclMjklM0IlMEElN0QlM0IlMEElM0MlMkZzY3JpcHQlM0UlMjAtLSUzRSUwQSUzQ3NjcmlwdCUyMHNyYyUzRCUyMmh0dHBzJTNBJTJGJTJGb2xhc29sYXIuY29tJTJGYmxvZyUyRmZvcm11bGFyaW8lMkZmb3JtdWxhcmlvLmpzJTIyJTNFJTNDJTJGc2NyaXB0JTNF[\/vc_raw_html][\/vc_column][\/vc_row]<\/p>\n","protected":false},"excerpt":{"rendered":"<p>[vc_row css_animation=\u00bb\u00bb row_type=\u00bbrow\u00bb use_row_as_full_screen_section=\u00bbno\u00bb type=\u00bbfull_width\u00bb angled_section=\u00bbno\u00bb text_align=\u00bbleft\u00bb background_image_as_pattern=\u00bbwithout_pattern\u00bb][vc_column][vc_empty_space height=\u00bb50px\u00bb][vc_column_text] Rellene la informaci\u00f3n solicitada a continuaci\u00f3n si quiere realizar un c\u00e1lculo aproximado de la instalaci\u00f3n solar fotovoltaica para autoconsumo de su vivienda o negocio. [\/vc_column_text][\/vc_column][\/vc_row][vc_row css_animation=\u00bb\u00bb row_type=\u00bbrow\u00bb use_row_as_full_screen_section=\u00bbyes\u00bb type=\u00bbgrid\u00bb angled_section=\u00bbno\u00bb text_align=\u00bbleft\u00bb background_image_as_pattern=\u00bbwithout_pattern\u00bb z_index=\u00bb\u00bb css=\u00bb.vc_custom_1615807666246{margin-bottom: 50px !important;}\u00bb][vc_column&#8230;<\/p>\n","protected":false},"author":1,"featured_media":0,"parent":0,"menu_order":0,"comment_status":"closed","ping_status":"closed","template":"","meta":[],"_links":{"self":[{"href":"https:\/\/olasolar.com\/blog\/wp-json\/wp\/v2\/pages\/16396"}],"collection":[{"href":"https:\/\/olasolar.com\/blog\/wp-json\/wp\/v2\/pages"}],"about":[{"href":"https:\/\/olasolar.com\/blog\/wp-json\/wp\/v2\/types\/page"}],"author":[{"embeddable":true,"href":"https:\/\/olasolar.com\/blog\/wp-json\/wp\/v2\/users\/1"}],"replies":[{"embeddable":true,"href":"https:\/\/olasolar.com\/blog\/wp-json\/wp\/v2\/comments?post=16396"}],"version-history":[{"count":16,"href":"https:\/\/olasolar.com\/blog\/wp-json\/wp\/v2\/pages\/16396\/revisions"}],"predecessor-version":[{"id":16711,"href":"https:\/\/olasolar.com\/blog\/wp-json\/wp\/v2\/pages\/16396\/revisions\/16711"}],"wp:attachment":[{"href":"https:\/\/olasolar.com\/blog\/wp-json\/wp\/v2\/media?parent=16396"}],"curies":[{"name":"wp","href":"https:\/\/api.w.org\/{rel}","templated":true}]}}