{"id":16574,"date":"2021-02-25T13:52:04","date_gmt":"2021-02-25T13:52:04","guid":{"rendered":"https:\/\/olasolar.com\/blog\/?page_id=16574"},"modified":"2021-05-20T08:41:52","modified_gmt":"2021-05-20T08:41:52","slug":"referencias","status":"publish","type":"page","link":"https:\/\/olasolar.com\/blog\/","title":{"rendered":"Referencias"},"content":{"rendered":"<p>[vc_row css_animation=\u00bb\u00bb row_type=\u00bbrow\u00bb use_row_as_full_screen_section=\u00bbno\u00bb type=\u00bbgrid\u00bb angled_section=\u00bbno\u00bb text_align=\u00bbleft\u00bb background_image_as_pattern=\u00bbwithout_pattern\u00bb padding_bottom=\u00bb0&#8243; z_index=\u00bb\u00bb][vc_column css=\u00bb.vc_custom_1621500029924{margin-top: 80px !important;}\u00bb][vc_column_text el_class=\u00bbtitle-blog\u00bb]<\/p>\n<h1>En Olasolar nos dedicamos a realizar proyectos llave en mano para autoconsumo fotovoltaico, estudios de rendimiento para instalaciones solares, mantenimiento de instalaciones, planes de ahorro y mejora de eficiencia energ\u00e9tica.<\/h1>\n<p>[\/vc_column_text][\/vc_column][\/vc_row][vc_row css_animation=\u00bb\u00bb row_type=\u00bbrow\u00bb use_row_as_full_screen_section=\u00bbno\u00bb type=\u00bbgrid\u00bb angled_section=\u00bbno\u00bb text_align=\u00bbcenter\u00bb background_image_as_pattern=\u00bbwithout_pattern\u00bb z_index=\u00bb\u00bb css=\u00bb.vc_custom_1621498444919{margin-bottom: 40px !important;}\u00bb][vc_column css=\u00bb.vc_custom_1621498074152{margin-top: 50px !important;}\u00bb el_class=\u00bbbuttons-flex\u00bb]<a  itemprop=\"url\" href=\"https:\/\/olasolar.com\/blog\/usos-de-las-instalaciones-fotovoltaicas\/\" target=\"_self\"  class=\"qbutton  large right default\" style=\"margin: 0 15px 20px 0; \">Aplicaciones fotovoltaicas<\/a><a  itemprop=\"url\" href=\"https:\/\/olasolar.com\/blog\/instalaciones-realizadas\/\" target=\"_self\"  class=\"qbutton  large center default\" style=\"margin: 0 15px 20px 0; \">Ver algunas instalaciones realizadas por OlaSolar<\/a>[\/vc_column][\/vc_row][vc_row css_animation=\u00bb\u00bb row_type=\u00bbrow\u00bb use_row_as_full_screen_section=\u00bbno\u00bb type=\u00bbgrid\u00bb angled_section=\u00bbno\u00bb text_align=\u00bbleft\u00bb background_image_as_pattern=\u00bbwithout_pattern\u00bb z_index=\u00bb\u00bb][vc_column width=\u00bb2\/3&#8243;][vc_column_text]<\/p>\n<h2><strong>INVERSI\u00d3N RENTABLE<\/strong><\/h2>\n<p>El plazo de amortizaci\u00f3n de una instalaci\u00f3n de autoconsumo conectada a red es de entre 5 a 6 a\u00f1os. La constante bajada de costes de los diversos componentes de la instalaci\u00f3n, propicia que la energ\u00eda procedente del sol tenga un coste de alrededor de 2 c\u00e9ntimos el kWh, es decir, hasta 6 a 8 veces menos que el de la compa\u00f1\u00eda el\u00e9ctrica en un cliente tipo residencial, y hasta 5 veces menos que el de un cliente industrial.<\/p>\n<h3><strong>INVERSI\u00d3N ECOL\u00d3GICA<\/strong><\/h3>\n<p>Mientras se consume electricidad procedente del sol, estamos dejando de emitir CO2 a la atm\u00f3sfera generado en centrales t\u00e9rmicas de gas, carb\u00f3n y nucleares, al igual que si cargamos veh\u00edculos el\u00e9ctricos con energ\u00eda solar.[\/vc_column_text][\/vc_column][vc_column width=\u00bb1\/3&#8243;][vc_single_image image=\u00bb16211&#8243; img_size=\u00bblarge\u00bb qode_css_animation=\u00bb\u00bb][\/vc_column][\/vc_row][vc_row css_animation=\u00bb\u00bb row_type=\u00bbrow\u00bb use_row_as_full_screen_section=\u00bbno\u00bb type=\u00bbgrid\u00bb angled_section=\u00bbno\u00bb text_align=\u00bbleft\u00bb background_image_as_pattern=\u00bbwithout_pattern\u00bb z_index=\u00bb\u00bb css=\u00bb.vc_custom_1616666734387{margin-bottom: 60px !important;}\u00bb][vc_column css=\u00bb.vc_custom_1616666745153{margin-top: 50px !important;}\u00bb][vc_column_text]<\/p>\n<h3><strong>FACILIDADES ADMINISTRATIVAS Y REGULATORIAS<\/strong><\/h3>\n<p>Desde abril de 2019 se han abierto las puertas en Espa\u00f1a para el autoconsumo el\u00e9ctrico, que hasta ahora hab\u00eda estado frenado por una regulaci\u00f3n demasiado restrictiva. As\u00ed pues, todas las instalaciones pueden aprovechar el excedente que vierten a la red de manera remunerada a precio de pool, o mediante una compensaci\u00f3n dineraria en la factura.<\/p>\n<h3><strong>CON TU INSTALACI\u00d3N SOLAR FOTOVOLTAICA\u2026<\/strong><\/h3>\n<ul>\n<li>Garantizas el coste de la electricidad durante la vida \u00fatil de los paneles de m\u00e1s de 30 a\u00f1os.<\/li>\n<li>Ayudas a dar un paso en la transici\u00f3n energ\u00e9tica mundial ya en marcha.<\/li>\n<li>Generas riqueza y empleo.<\/li>\n<li>Mejoras el aislamiento t\u00e9rmico de las cubiertas y techos de tu vivienda o empresa.<\/li>\n<\/ul>\n<p>[\/vc_column_text][\/vc_column][\/vc_row][vc_row css_animation=\u00bb\u00bb row_type=\u00bbrow\u00bb use_row_as_full_screen_section=\u00bbno\u00bb type=\u00bbgrid\u00bb angled_section=\u00bbno\u00bb text_align=\u00bbleft\u00bb background_image_as_pattern=\u00bbwithout_pattern\u00bb z_index=\u00bb\u00bb][vc_column][vc_column_text]<\/p>\n<h2 style=\"text-align: center;\"><strong>QU\u00c9 OFRECEMOS<\/strong><\/h2>\n<p>[\/vc_column_text][\/vc_column][\/vc_row][vc_row css_animation=\u00bb\u00bb row_type=\u00bbrow\u00bb use_row_as_full_screen_section=\u00bbno\u00bb type=\u00bbgrid\u00bb angled_section=\u00bbno\u00bb text_align=\u00bbleft\u00bb background_image_as_pattern=\u00bbwithout_pattern\u00bb css=\u00bb.vc_custom_1616666659464{padding-top: 40px !important;padding-bottom: 70px !important;}\u00bb z_index=\u00bb\u00bb][vc_column width=\u00bb2\/3&#8243;][vc_column_text]<\/p>\n<h3><strong>Estudio de consumos con asesoramiento gratuito sobre mejora de eficiencia<\/strong><\/h3>\n<p>Detr\u00e1s de cada cliente, hay unas necesidades. Nuestra filosof\u00eda, m\u00e1s all\u00e1 de limitarnos a hacer un estudio est\u00e1ndar, nos lleva a plantear diversas alternativas a llevar a cabo para reducir el coste mensual.<\/p>\n<p>[\/vc_column_text][\/vc_column][vc_column width=\u00bb1\/3&#8243;][vc_single_image image=\u00bb16217&#8243; img_size=\u00bblarge\u00bb qode_css_animation=\u00bb\u00bb][\/vc_column][\/vc_row][vc_row css_animation=\u00bb\u00bb row_type=\u00bbrow\u00bb use_row_as_full_screen_section=\u00bbno\u00bb type=\u00bbgrid\u00bb angled_section=\u00bbno\u00bb text_align=\u00bbleft\u00bb background_image_as_pattern=\u00bbwithout_pattern\u00bb background_color=\u00bb#f2f2f2&#8243; css=\u00bb.vc_custom_1616665593050{padding-top: 70px !important;padding-bottom: 70px !important;background-color: #f2f2f2 !important;}\u00bb z_index=\u00bb\u00bb][vc_column width=\u00bb2\/3&#8243;][vc_column_text]<\/p>\n<h3 class=\"title-heading-left\" data-fontsize=\"32\" data-lineheight=\"40\"><strong>Dise\u00f1o de instalaci\u00f3n propuesta para los consumos<\/strong><\/h3>\n<p>Tras analizar con detalle las facturas mensuales y curvas de carga horaria de cada cliente, planteamos la instalaci\u00f3n que mejor se adapta al perfil de consumos a fin de optimizar la rentabilidad de la inversi\u00f3n.<\/p>\n<p>[\/vc_column_text][\/vc_column][vc_column width=\u00bb1\/3&#8243;][vc_single_image image=\u00bb16225&#8243; img_size=\u00bblarge\u00bb qode_css_animation=\u00bb\u00bb][\/vc_column][\/vc_row][vc_row css_animation=\u00bb\u00bb row_type=\u00bbrow\u00bb use_row_as_full_screen_section=\u00bbno\u00bb type=\u00bbgrid\u00bb angled_section=\u00bbno\u00bb text_align=\u00bbleft\u00bb background_image_as_pattern=\u00bbwithout_pattern\u00bb css=\u00bb.vc_custom_1616665630499{padding-top: 70px !important;padding-bottom: 70px !important;}\u00bb z_index=\u00bb\u00bb][vc_column width=\u00bb2\/3&#8243;][vc_column_text]<\/p>\n<h3><strong>Realizaci\u00f3n de presupuesto junto con propuestas de pago y financiaci\u00f3n<\/strong><\/h3>\n<p>Ofrecemos posibilidad de financiar la instalaci\u00f3n con entidades colaboradoras. En algunos casos, el renting tambi\u00e9n puede ser interesante debido a las ventajas fiscales para una empresa.[\/vc_column_text][\/vc_column][vc_column width=\u00bb1\/3&#8243;][vc_single_image image=\u00bb16227&#8243; img_size=\u00bblarge\u00bb qode_css_animation=\u00bb\u00bb][\/vc_column][\/vc_row][vc_row css_animation=\u00bb\u00bb row_type=\u00bbrow\u00bb use_row_as_full_screen_section=\u00bbno\u00bb type=\u00bbgrid\u00bb angled_section=\u00bbno\u00bb text_align=\u00bbleft\u00bb background_image_as_pattern=\u00bbwithout_pattern\u00bb css=\u00bb.vc_custom_1616665640676{padding-top: 70px !important;padding-bottom: 70px !important;background-color: #f2f2f2 !important;}\u00bb z_index=\u00bb\u00bb][vc_column width=\u00bb2\/3&#8243;][vc_column_text]<\/p>\n<h3><strong>Proyecto de ingenier\u00eda con la instalaci\u00f3n propuesta y tr\u00e1mites con compa\u00f1\u00eda distribuidora<\/strong><\/h3>\n<p>Una vez aceptada la propuesta, nos encargamos de todo. Realizaci\u00f3n del proyecto, tr\u00e1mites y permisos, solicitud de licencias, materiales, montaje y puesta en marcha con posterior legalizaci\u00f3n.[\/vc_column_text][\/vc_column][vc_column width=\u00bb1\/3&#8243;][vc_single_image image=\u00bb16266&#8243; img_size=\u00bblarge\u00bb qode_css_animation=\u00bb\u00bb][\/vc_column][\/vc_row][vc_row css_animation=\u00bb\u00bb row_type=\u00bbrow\u00bb use_row_as_full_screen_section=\u00bbno\u00bb type=\u00bbgrid\u00bb angled_section=\u00bbno\u00bb text_align=\u00bbleft\u00bb background_image_as_pattern=\u00bbwithout_pattern\u00bb z_index=\u00bb\u00bb css=\u00bb.vc_custom_1616666440090{padding-top: 70px !important;padding-bottom: 70px !important;}\u00bb][vc_column width=\u00bb2\/3&#8243;][vc_column_text]<\/p>\n<h3><strong>Montaje de la instalaci\u00f3n<\/strong><\/h3>\n<p>Nos encargamos del montaje de la instalaci\u00f3n en el cliente, velando siempre por las mejors condiciones de seguridad y sin afectar a su actividad diaria.[\/vc_column_text][\/vc_column][vc_column width=\u00bb1\/3&#8243;][vc_single_image image=\u00bb16261&#8243; img_size=\u00bblarge\u00bb qode_css_animation=\u00bb\u00bb][\/vc_column][\/vc_row][vc_row css_animation=\u00bb\u00bb row_type=\u00bbrow\u00bb use_row_as_full_screen_section=\u00bbno\u00bb type=\u00bbgrid\u00bb angled_section=\u00bbno\u00bb text_align=\u00bbleft\u00bb background_image_as_pattern=\u00bbwithout_pattern\u00bb css=\u00bb.vc_custom_1616666458459{padding-top: 70px !important;padding-bottom: 70px !important;background-color: #f2f2f2 !important;}\u00bb z_index=\u00bb\u00bb][vc_column width=\u00bb2\/3&#8243;][vc_column_text]<\/p>\n<h3><strong>Monitorizaci\u00f3n y seguimiento\u00a0 de la instalaci\u00f3n con servicio de mantenimiento y reparaciones<\/strong><\/h3>\n<p>Desde el primer momento de la puesta en marcha, ponemos a disposici\u00f3n del cliente las herramientas necesarias para el diagn\u00f3stico y monitorizaci\u00f3n del funcionamiento de la instalaci\u00f3n. De esta manera, tanto el cliente como nosotros estamos alerta ante cualquier anomal\u00eda o p\u00e9rdida de rendimiento que pueda surgir, para actuar de manera r\u00e1pida y evitar cualquier p\u00e9rdida de producci\u00f3n energ\u00e9tica.<\/p>\n<p>Disponemos tambi\u00e9n de una oferta de contratos de mantenimiento y seguros para que el cliente se despreocupe casi por completo del funcionamiento correcto de la instalaci\u00f3n.[\/vc_column_text][\/vc_column][vc_column width=\u00bb1\/3&#8243;][vc_single_image image=\u00bb16221&#8243; img_size=\u00bblarge\u00bb qode_css_animation=\u00bb\u00bb][\/vc_column][\/vc_row][vc_row css_animation=\u00bb\u00bb row_type=\u00bbrow\u00bb use_row_as_full_screen_section=\u00bbno\u00bb type=\u00bbgrid\u00bb angled_section=\u00bbno\u00bb text_align=\u00bbleft\u00bb background_image_as_pattern=\u00bbwithout_pattern\u00bb z_index=\u00bb\u00bb css=\u00bb.vc_custom_1616666478048{padding-top: 70px !important;padding-bottom: 70px !important;}\u00bb][vc_column width=\u00bb2\/3&#8243;][vc_column_text]<\/p>\n<h3><strong>Legalizaci\u00f3n de la instalaci\u00f3n<\/strong><\/h3>\n<p>Finalizada la instalaci\u00f3n ofrecemos la posibilidad de realizar los\u00a0 tr\u00e1mites para legalizar la instalaci\u00f3n, as\u00ed como inscribirla en el registro de instalaciones para venta o compensaci\u00f3n simplificada de excedentes.[\/vc_column_text][\/vc_column][vc_column width=\u00bb1\/3&#8243;][vc_single_image image=\u00bb16271&#8243; img_size=\u00bblarge\u00bb qode_css_animation=\u00bb\u00bb][\/vc_column][\/vc_row][vc_row css_animation=\u00bb\u00bb row_type=\u00bbrow\u00bb use_row_as_full_screen_section=\u00bbno\u00bb type=\u00bbgrid\u00bb angled_section=\u00bbno\u00bb text_align=\u00bbleft\u00bb background_image_as_pattern=\u00bbwithout_pattern\u00bb css=\u00bb.vc_custom_1616666496075{padding-top: 70px !important;padding-bottom: 70px !important;background-color: #f2f2f2 !important;}\u00bb z_index=\u00bb\u00bb][vc_column width=\u00bb2\/3&#8243;][vc_column_text]<\/p>\n<h3><strong>Garant\u00eda de hasta 30 a\u00f1os<\/strong><\/h3>\n<p>Montamos paneles solares e inversores de marcas de prestigio, con garant\u00eda de hasta 25 y 30 a\u00f1os en algunos fabricantes.[\/vc_column_text][\/vc_column][vc_column width=\u00bb1\/3&#8243;][vc_single_image image=\u00bb16276&#8243; img_size=\u00bblarge\u00bb qode_css_animation=\u00bb\u00bb][\/vc_column][\/vc_row][vc_row css_animation=\u00bb\u00bb row_type=\u00bbrow\u00bb use_row_as_full_screen_section=\u00bbno\u00bb type=\u00bbgrid\u00bb angled_section=\u00bbno\u00bb text_align=\u00bbleft\u00bb background_image_as_pattern=\u00bbwithout_pattern\u00bb z_index=\u00bb\u00bb][vc_column][vc_empty_space][\/vc_column][\/vc_row][vc_row css_animation=\u00bb\u00bb row_type=\u00bbrow\u00bb use_row_as_full_screen_section=\u00bbno\u00bb type=\u00bbgrid\u00bb angled_section=\u00bbno\u00bb text_align=\u00bbleft\u00bb background_image_as_pattern=\u00bbwithout_pattern\u00bb z_index=\u00bb\u00bb][vc_column]<a  itemprop=\"url\" href=\"https:\/\/www.olasolar.com\/contactenos\" target=\"_self\"  class=\"qbutton  large center default\" style=\"\">P\u00eddenos Presupuesto sin compromiso<\/a>[\/vc_column][\/vc_row][vc_row css_animation=\u00bb\u00bb row_type=\u00bbrow\u00bb use_row_as_full_screen_section=\u00bbno\u00bb type=\u00bbgrid\u00bb angled_section=\u00bbno\u00bb text_align=\u00bbleft\u00bb background_image_as_pattern=\u00bbwithout_pattern\u00bb z_index=\u00bb\u00bb][vc_column][vc_empty_space][\/vc_column][\/vc_row][vc_row css_animation=\u00bb\u00bb row_type=\u00bbrow\u00bb use_row_as_full_screen_section=\u00bbno\u00bb type=\u00bbgrid\u00bb angled_section=\u00bbno\u00bb text_align=\u00bbcenter\u00bb background_image_as_pattern=\u00bbwithout_pattern\u00bb z_index=\u00bb\u00bb css=\u00bb.vc_custom_1616667000061{margin-bottom: 40px !important;}\u00bb][vc_column][\/vc_column][\/vc_row]<\/p>\n","protected":false},"excerpt":{"rendered":"<p>[vc_row css_animation=\u00bb\u00bb row_type=\u00bbrow\u00bb use_row_as_full_screen_section=\u00bbno\u00bb type=\u00bbgrid\u00bb angled_section=\u00bbno\u00bb text_align=\u00bbleft\u00bb background_image_as_pattern=\u00bbwithout_pattern\u00bb padding_bottom=\u00bb0&#8243; z_index=\u00bb\u00bb][vc_column css=\u00bb.vc_custom_1621500029924{margin-top: 80px !important;}\u00bb][vc_column_text el_class=\u00bbtitle-blog\u00bb] En Olasolar nos dedicamos a realizar proyectos llave en mano para autoconsumo fotovoltaico, estudios de rendimiento para instalaciones solares, mantenimiento de instalaciones, planes de ahorro y mejora de eficiencia energ\u00e9tica. [\/vc_column_text][\/vc_column][\/vc_row][vc_row&#8230;<\/p>\n","protected":false},"author":3,"featured_media":0,"parent":0,"menu_order":0,"comment_status":"closed","ping_status":"closed","template":"full_width.php","meta":[],"_links":{"self":[{"href":"https:\/\/olasolar.com\/blog\/wp-json\/wp\/v2\/pages\/16574"}],"collection":[{"href":"https:\/\/olasolar.com\/blog\/wp-json\/wp\/v2\/pages"}],"about":[{"href":"https:\/\/olasolar.com\/blog\/wp-json\/wp\/v2\/types\/page"}],"author":[{"embeddable":true,"href":"https:\/\/olasolar.com\/blog\/wp-json\/wp\/v2\/users\/3"}],"replies":[{"embeddable":true,"href":"https:\/\/olasolar.com\/blog\/wp-json\/wp\/v2\/comments?post=16574"}],"version-history":[{"count":77,"href":"https:\/\/olasolar.com\/blog\/wp-json\/wp\/v2\/pages\/16574\/revisions"}],"predecessor-version":[{"id":16801,"href":"https:\/\/olasolar.com\/blog\/wp-json\/wp\/v2\/pages\/16574\/revisions\/16801"}],"wp:attachment":[{"href":"https:\/\/olasolar.com\/blog\/wp-json\/wp\/v2\/media?parent=16574"}],"curies":[{"name":"wp","href":"https:\/\/api.w.org\/{rel}","templated":true}]}}